{"id":2318,"date":"2022-03-15T23:52:59","date_gmt":"2022-03-15T22:52:59","guid":{"rendered":"https:\/\/www.stalks-app.com\/about-us\/"},"modified":"2023-11-23T17:25:17","modified_gmt":"2023-11-23T16:25:17","slug":"about-us","status":"publish","type":"page","link":"https:\/\/www.stalks-app.com\/en\/about-us\/","title":{"rendered":"About Us"},"content":{"rendered":"<div class=\"wpb-content-wrapper\"><p>[vc_row full_width=&#8221;stretch_row&#8221; remove_padding=&#8221;no-padding-vc-row&#8221; bg_type=&#8221;image&#8221; parallax_style=&#8221;vcpb-vz-jquery&#8221; bg_image_new=&#8221;id^2079|url^https:\/\/www.stalks-app.com\/wp-content\/uploads\/2023\/08\/about-scaled.jpg|caption^null|alt^null|title^about|description^null&#8221; bg_image_repeat=&#8221;no-repeat&#8221; bg_override=&#8221;ex-full&#8221; css=&#8221;.vc_custom_1691677974959{padding-top: 100px !important;padding-bottom: 100px !important;}&#8221;][vc_column offset=&#8221;vc_col-lg-offset-2 vc_col-lg-8 vc_col-md-offset-1 vc_col-md-10&#8243;][vc_column_text el_class=&#8221;titre-data-white-about&#8221;]<\/p>\n<p style=\"text-align: center;\">Who are we?<\/p>\n<p>[\/vc_column_text][\/vc_column][\/vc_row][vc_row full_width=&#8221;stretch_row&#8221; remove_padding=&#8221;no-padding-vc-row&#8221; css=&#8221;.vc_custom_1691677990291{margin-top: 50px !important;margin-bottom: 100px !important;}&#8221;][vc_column offset=&#8221;vc_col-lg-offset-2 vc_col-lg-8 vc_col-md-offset-1 vc_col-md-10&#8243;][vc_column_text el_class=&#8221;paragrapheintro&#8221; css=&#8221;.vc_custom_1700572905389{padding-top: 30px !important;}&#8221;]<\/p>\n<p style=\"text-align: center;\">Founded in 2020, STALKS is a subsidiary dedicated to the world of education of the OAKland Group, a Swiss group whose mission is to guide companies through the complex challenges of data security, asset management and capitalisation. Our ultimate goal is for you to use data in compliance with the highest data protection standards, while creating value for your business. Oakland&#8217;s proven expertise in data strategy, management and compliance has enabled many businesses to adopt our services in different parts of the world.<\/p>\n<p>[\/vc_column_text][vc_column_text el_class=&#8221;paragrapheintro&#8221; css=&#8221;.vc_custom_1700572944081{padding-top: 30px !important;}&#8221;]<\/p>\n<p style=\"text-align: center;\">Discover us :\u00a0<a href=\"https:\/\/oaklandgrp.com\/\" target=\"_blank\" rel=\"noopener\">www.oaklandgrp.com<\/a><\/p>\n<p>[\/vc_column_text][\/vc_column][\/vc_row]<\/p>\n<\/div>","protected":false},"excerpt":{"rendered":"<p>[vc_row full_width=&#8221;stretch_row&#8221; remove_padding=&#8221;no-padding-vc-row&#8221; bg_type=&#8221;image&#8221; parallax_style=&#8221;vcpb-vz-jquery&#8221; bg_image_new=&#8221;id^2079|url^https:\/\/www.stalks-app.com\/wp-content\/uploads\/2023\/08\/about-scaled.jpg|caption^null|alt^null|title^about|description^null&#8221; bg_image_repeat=&#8221;no-repeat&#8221; bg_override=&#8221;ex-full&#8221; css=&#8221;.vc_custom_1691677974959{padding-top: 100px !important;padding-bottom: 100px !important;}&#8221;][vc_column offset=&#8221;vc_col-lg-offset-2 vc_col-lg-8 vc_col-md-offset-1 vc_col-md-10&#8243;][vc_column_text el_class=&#8221;titre-data-white-about&#8221;] Who are we? [\/vc_column_text][\/vc_column][\/vc_row][vc_row full_width=&#8221;stretch_row&#8221; remove_padding=&#8221;no-padding-vc-row&#8221; css=&#8221;.vc_custom_1691677990291{margin-top: 50px !important;margin-bottom: 100px !important;}&#8221;][vc_column offset=&#8221;vc_col-lg-offset-2 vc_col-lg-8 vc_col-md-offset-1 vc_col-md-10&#8243;][vc_column_text el_class=&#8221;paragrapheintro&#8221; css=&#8221;.vc_custom_1700572905389{padding-top: 30px !important;}&#8221;] Founded in 2020,&#8230;<\/p>\n","protected":false},"author":1,"featured_media":0,"parent":0,"menu_order":0,"comment_status":"closed","ping_status":"closed","template":"","meta":{"footnotes":""},"class_list":["post-2318","page","type-page","status-publish","hentry"],"yoast_head":"<!-- This site is optimized with the Yoast SEO plugin v27.5 - https:\/\/yoast.com\/product\/yoast-seo-wordpress\/ -->\n<title>About us - OAKland Group<\/title>\n<meta name=\"description\" content=\"Parce que les donn\u00e9es sont bien plus que ce que l&#039;on croit. Elles sont une v\u00e9ritable mati\u00e8re premi\u00e8re pour relever les d\u00e9fis de notre monde.\" \/>\n<meta name=\"robots\" content=\"index, follow, max-snippet:-1, max-image-preview:large, max-video-preview:-1\" \/>\n<link rel=\"canonical\" href=\"https:\/\/www.stalks-app.com\/en\/about-us\/\" \/>\n<meta property=\"og:locale\" content=\"en_US\" \/>\n<meta property=\"og:type\" content=\"article\" \/>\n<meta property=\"og:title\" content=\"About us - OAKland Group\" \/>\n<meta property=\"og:description\" content=\"Parce que les donn\u00e9es sont bien plus que ce que l&#039;on croit. Elles sont une v\u00e9ritable mati\u00e8re premi\u00e8re pour relever les d\u00e9fis de notre monde.\" \/>\n<meta property=\"og:url\" content=\"https:\/\/www.stalks-app.com\/en\/about-us\/\" \/>\n<meta property=\"og:site_name\" content=\"Stalks\" \/>\n<meta property=\"article:modified_time\" content=\"2023-11-23T16:25:17+00:00\" \/>\n<meta property=\"og:image\" content=\"https:\/\/www.stalks-app.com\/wp-content\/uploads\/2023\/11\/Logo-Kim-sans-posi-copie.png\" \/>\n\t<meta property=\"og:image:width\" content=\"1200\" \/>\n\t<meta property=\"og:image:height\" content=\"675\" \/>\n\t<meta property=\"og:image:type\" content=\"image\/png\" \/>\n<meta name=\"twitter:card\" content=\"summary_large_image\" \/>\n<meta name=\"twitter:label1\" content=\"Est. reading time\" \/>\n\t<meta name=\"twitter:data1\" content=\"1 minute\" \/>\n<script type=\"application\/ld+json\" class=\"yoast-schema-graph\">{\"@context\":\"https:\\\/\\\/schema.org\",\"@graph\":[{\"@type\":\"WebPage\",\"@id\":\"https:\\\/\\\/www.stalks-app.com\\\/en\\\/about-us\\\/\",\"url\":\"https:\\\/\\\/www.stalks-app.com\\\/en\\\/about-us\\\/\",\"name\":\"About us - OAKland Group\",\"isPartOf\":{\"@id\":\"https:\\\/\\\/www.stalks-app.com\\\/#website\"},\"datePublished\":\"2022-03-15T22:52:59+00:00\",\"dateModified\":\"2023-11-23T16:25:17+00:00\",\"description\":\"Parce que les donn\u00e9es sont bien plus que ce que l'on croit. Elles sont une v\u00e9ritable mati\u00e8re premi\u00e8re pour relever les d\u00e9fis de notre monde.\",\"breadcrumb\":{\"@id\":\"https:\\\/\\\/www.stalks-app.com\\\/en\\\/about-us\\\/#breadcrumb\"},\"inLanguage\":\"en-US\",\"potentialAction\":[{\"@type\":\"ReadAction\",\"target\":[\"https:\\\/\\\/www.stalks-app.com\\\/en\\\/about-us\\\/\"]}]},{\"@type\":\"BreadcrumbList\",\"@id\":\"https:\\\/\\\/www.stalks-app.com\\\/en\\\/about-us\\\/#breadcrumb\",\"itemListElement\":[{\"@type\":\"ListItem\",\"position\":1,\"name\":\"Home\",\"item\":\"https:\\\/\\\/www.stalks-app.com\\\/en\\\/\"},{\"@type\":\"ListItem\",\"position\":2,\"name\":\"About Us\"}]},{\"@type\":\"WebSite\",\"@id\":\"https:\\\/\\\/www.stalks-app.com\\\/#website\",\"url\":\"https:\\\/\\\/www.stalks-app.com\\\/\",\"name\":\"Stalks\",\"description\":\"Dynamisez vos relations clients\",\"publisher\":{\"@id\":\"https:\\\/\\\/www.stalks-app.com\\\/#organization\"},\"potentialAction\":[{\"@type\":\"SearchAction\",\"target\":{\"@type\":\"EntryPoint\",\"urlTemplate\":\"https:\\\/\\\/www.stalks-app.com\\\/?s={search_term_string}\"},\"query-input\":{\"@type\":\"PropertyValueSpecification\",\"valueRequired\":true,\"valueName\":\"search_term_string\"}}],\"inLanguage\":\"en-US\"},{\"@type\":\"Organization\",\"@id\":\"https:\\\/\\\/www.stalks-app.com\\\/#organization\",\"name\":\"Stalks\",\"url\":\"https:\\\/\\\/www.stalks-app.com\\\/\",\"logo\":{\"@type\":\"ImageObject\",\"inLanguage\":\"en-US\",\"@id\":\"https:\\\/\\\/www.stalks-app.com\\\/#\\\/schema\\\/logo\\\/image\\\/\",\"url\":\"\",\"contentUrl\":\"\",\"caption\":\"Stalks\"},\"image\":{\"@id\":\"https:\\\/\\\/www.stalks-app.com\\\/#\\\/schema\\\/logo\\\/image\\\/\"}}]}<\/script>\n<!-- \/ Yoast SEO plugin. -->","yoast_head_json":{"title":"About us - OAKland Group","description":"Parce que les donn\u00e9es sont bien plus que ce que l'on croit. Elles sont une v\u00e9ritable mati\u00e8re premi\u00e8re pour relever les d\u00e9fis de notre monde.","robots":{"index":"index","follow":"follow","max-snippet":"max-snippet:-1","max-image-preview":"max-image-preview:large","max-video-preview":"max-video-preview:-1"},"canonical":"https:\/\/www.stalks-app.com\/en\/about-us\/","og_locale":"en_US","og_type":"article","og_title":"About us - OAKland Group","og_description":"Parce que les donn\u00e9es sont bien plus que ce que l'on croit. Elles sont une v\u00e9ritable mati\u00e8re premi\u00e8re pour relever les d\u00e9fis de notre monde.","og_url":"https:\/\/www.stalks-app.com\/en\/about-us\/","og_site_name":"Stalks","article_modified_time":"2023-11-23T16:25:17+00:00","og_image":[{"width":1200,"height":675,"url":"https:\/\/www.stalks-app.com\/wp-content\/uploads\/2023\/11\/Logo-Kim-sans-posi-copie.png","type":"image\/png"}],"twitter_card":"summary_large_image","twitter_misc":{"Est. reading time":"1 minute"},"schema":{"@context":"https:\/\/schema.org","@graph":[{"@type":"WebPage","@id":"https:\/\/www.stalks-app.com\/en\/about-us\/","url":"https:\/\/www.stalks-app.com\/en\/about-us\/","name":"About us - OAKland Group","isPartOf":{"@id":"https:\/\/www.stalks-app.com\/#website"},"datePublished":"2022-03-15T22:52:59+00:00","dateModified":"2023-11-23T16:25:17+00:00","description":"Parce que les donn\u00e9es sont bien plus que ce que l'on croit. Elles sont une v\u00e9ritable mati\u00e8re premi\u00e8re pour relever les d\u00e9fis de notre monde.","breadcrumb":{"@id":"https:\/\/www.stalks-app.com\/en\/about-us\/#breadcrumb"},"inLanguage":"en-US","potentialAction":[{"@type":"ReadAction","target":["https:\/\/www.stalks-app.com\/en\/about-us\/"]}]},{"@type":"BreadcrumbList","@id":"https:\/\/www.stalks-app.com\/en\/about-us\/#breadcrumb","itemListElement":[{"@type":"ListItem","position":1,"name":"Home","item":"https:\/\/www.stalks-app.com\/en\/"},{"@type":"ListItem","position":2,"name":"About Us"}]},{"@type":"WebSite","@id":"https:\/\/www.stalks-app.com\/#website","url":"https:\/\/www.stalks-app.com\/","name":"Stalks","description":"Dynamisez vos relations clients","publisher":{"@id":"https:\/\/www.stalks-app.com\/#organization"},"potentialAction":[{"@type":"SearchAction","target":{"@type":"EntryPoint","urlTemplate":"https:\/\/www.stalks-app.com\/?s={search_term_string}"},"query-input":{"@type":"PropertyValueSpecification","valueRequired":true,"valueName":"search_term_string"}}],"inLanguage":"en-US"},{"@type":"Organization","@id":"https:\/\/www.stalks-app.com\/#organization","name":"Stalks","url":"https:\/\/www.stalks-app.com\/","logo":{"@type":"ImageObject","inLanguage":"en-US","@id":"https:\/\/www.stalks-app.com\/#\/schema\/logo\/image\/","url":"","contentUrl":"","caption":"Stalks"},"image":{"@id":"https:\/\/www.stalks-app.com\/#\/schema\/logo\/image\/"}}]}},"_links":{"self":[{"href":"https:\/\/www.stalks-app.com\/en\/wp-json\/wp\/v2\/pages\/2318","targetHints":{"allow":["GET"]}}],"collection":[{"href":"https:\/\/www.stalks-app.com\/en\/wp-json\/wp\/v2\/pages"}],"about":[{"href":"https:\/\/www.stalks-app.com\/en\/wp-json\/wp\/v2\/types\/page"}],"author":[{"embeddable":true,"href":"https:\/\/www.stalks-app.com\/en\/wp-json\/wp\/v2\/users\/1"}],"replies":[{"embeddable":true,"href":"https:\/\/www.stalks-app.com\/en\/wp-json\/wp\/v2\/comments?post=2318"}],"version-history":[{"count":3,"href":"https:\/\/www.stalks-app.com\/en\/wp-json\/wp\/v2\/pages\/2318\/revisions"}],"predecessor-version":[{"id":2385,"href":"https:\/\/www.stalks-app.com\/en\/wp-json\/wp\/v2\/pages\/2318\/revisions\/2385"}],"wp:attachment":[{"href":"https:\/\/www.stalks-app.com\/en\/wp-json\/wp\/v2\/media?parent=2318"}],"curies":[{"name":"wp","href":"https:\/\/api.w.org\/{rel}","templated":true}]}}